{"id":587,"date":"2021-05-31T18:03:12","date_gmt":"2021-05-31T18:03:12","guid":{"rendered":"https:\/\/recorridos360.dgp.unam.mx\/wordpress\/?page_id=587"},"modified":"2022-09-14T04:14:01","modified_gmt":"2022-09-14T04:14:01","slug":"facultad-de-arquitectura","status":"publish","type":"page","link":"https:\/\/recorridos360.dgp.unam.mx\/?page_id=587","title":{"rendered":"Facultad de Arquitectura"},"content":{"rendered":"\n<h2 class=\"has-text-align-center wp-block-heading\">Facultad de Arquitectura<\/h2>\n\n\n\n<figure class=\"wp-block-image aligncenter size-full\"><img loading=\"lazy\" decoding=\"async\" width=\"100\" height=\"72\" src=\"https:\/\/recorridos360.dgp.unam.mx\/wordpress\/wp-content\/uploads\/2021\/08\/360_100_Mesa-de-trabajo-1.png\" alt=\"\" class=\"wp-image-1021\"\/><\/figure>\n\n\n<!-- ipanorama begin -->\n<div class=\"ipanorama ipnrm-35\"data-json-src=\"https:\/\/recorridos360.dgp.unam.mx\/wordpress\/wp-content\/uploads\/ipanorama\/35\/config.json?ver=1625177101\" data-item-id=\"35\" style=\"display:none;\">\n<div class=\"ipnrm-store\" style=\"display:none;\">\n<div class=\"ipnrm-scene\" data-scene-id=\"Fac_Arq_Catalogos\">\n<div class=\"ipnrm-markers-data\">\n<\/div>\n<div class=\"ipnrm-tooltips-data\">\n<div class=\"ipnrm-data\" data-marker-id=\"639D2FB836\">\n<p>Bandera<\/p>\n<\/div>\n<div class=\"ipnrm-data\" data-marker-id=\"0F9734269B\">\n<p class=\"MsoNormal\" style=\"line-height: normal; mso-pagination: none;\"><span lang=\"es\" style=\"font-size: 10.0pt;\">\u201cVenus de Medici\u201d,1989.<br \/>Autor: Juan Manuel Santana.<br \/>Reproducci\u00f3n en yeso.<\/span><\/p>\n<\/div>\n<div class=\"ipnrm-data\" data-marker-id=\"B08F2757B3\">\n<p class=\"MsoNormal\" style=\"mso-pagination: none; margin: 12.0pt 0cm 12.0pt 0cm;\"><span lang=\"es\" style=\"font-size: 10.0pt; line-height: 115%;\">\u201cDorso femenino del tipo Afrodita Cridiana\u201d, 1989. <br \/>Autor: Juan Manuel Santana.<br \/>Reproducci\u00f3n en yeso.<\/span><\/p>\n<\/div>\n<div class=\"ipnrm-data\" data-marker-id=\"E921B8BDCE\">\n<p><span lang=\"es\" style=\"font-size: 10.0pt; line-height: 115%; font-family: 'Arial',sans-serif; mso-fareast-font-family: Arial; mso-ansi-language: #000A; mso-fareast-language: ES-MX; mso-bidi-language: AR-SA;\">\u201cLa gran m\u00e1quina\u201d, 1974.<br \/>Autor: Imanol Ordorika.\u00a0<\/span><\/p>\n<\/div>\n<\/div>\n<div class=\"ipnrm-popovers-data\">\n<div class=\"ipnrm-data\" data-marker-id=\"639D2FB836\">\n<p><img loading=\"lazy\" decoding=\"async\" class=\"alignnone  wp-image-904\" src=\"https:\/\/recorridos360.dgp.unam.mx\/wordpress\/wp-content\/uploads\/2021\/07\/DSC_8822.jpg\" alt=\"\" width=\"639\" height=\"423\" \/><\/p>\n<p style=\"text-align: center;\"><span lang=\"es\" style=\"font-size: 10.0pt; line-height: 115%; font-family: 'Arial',sans-serif; mso-fareast-font-family: Arial; mso-ansi-language: #000A; mso-fareast-language: ES-MX; mso-bidi-language: AR-SA;\">Bandera de la Escuela Nacional de Arquitectura,<br \/>actualmente Facultad de Arquitectura<\/span><\/p>\n<\/div>\n<div class=\"ipnrm-data\" data-marker-id=\"0F9734269B\">\n<p><img loading=\"lazy\" decoding=\"async\" class=\"alignnone  wp-image-905\" src=\"https:\/\/recorridos360.dgp.unam.mx\/wordpress\/wp-content\/uploads\/2021\/07\/DSC_8833.jpg\" alt=\"\" width=\"618\" height=\"409\" \/><\/p>\n<p><span lang=\"es\" style=\"font-size: 10.0pt; line-height: 115%; font-family: 'Arial',sans-serif; mso-fareast-font-family: Arial; mso-ansi-language: #000A; mso-fareast-language: ES-MX; mso-bidi-language: AR-SA;\">\u201cVenus de Medici\u201d,1989.<br \/>Autor: Juan Manuel Santana.<br \/>Reproducci\u00f3n en yeso.<\/span><\/p>\n<\/div>\n<\/div>\n<\/div>\n<div class=\"ipnrm-scene\" data-scene-id=\"Fac_Arq_Mostrador\">\n<div class=\"ipnrm-markers-data\">\n<\/div>\n<div class=\"ipnrm-tooltips-data\">\n<\/div>\n<div class=\"ipnrm-popovers-data\">\n<\/div>\n<\/div>\n<div class=\"ipnrm-scene\" data-scene-id=\"Fac_Arq_sala_lec\">\n<div class=\"ipnrm-markers-data\">\n<\/div>\n<div class=\"ipnrm-tooltips-data\">\n<div class=\"ipnrm-data\" data-marker-id=\"AC0B7566C8\">\n<p style=\"text-align: center;\"><span lang=\"es\" style=\"font-size: 10.0pt; line-height: 115%; font-family: 'Arial',sans-serif; mso-fareast-font-family: Arial; mso-ansi-language: #000A; mso-fareast-language: ES-MX; mso-bidi-language: AR-SA;\">Poema pl\u00e1stico, 1987.<br \/>Autor: Werner Mathias G\u00f6eritz Brunner,<br \/>arquitecto y pintor mexicano de origen alem\u00e1n.<\/span><\/p>\n<\/div>\n<\/div>\n<div class=\"ipnrm-popovers-data\">\n<\/div>\n<\/div>\n<div class=\"ipnrm-scene\" data-scene-id=\"Fac_Arq_Col_gral_1\">\n<div class=\"ipnrm-markers-data\">\n<\/div>\n<div class=\"ipnrm-tooltips-data\">\n<\/div>\n<div class=\"ipnrm-popovers-data\">\n<\/div>\n<\/div>\n<div class=\"ipnrm-scene\" data-scene-id=\"Fac_Arq_Col_gral_2\">\n<div class=\"ipnrm-markers-data\">\n<\/div>\n<div class=\"ipnrm-tooltips-data\">\n<div class=\"ipnrm-data\" data-marker-id=\"A7160D38D7\">\n<p style=\"text-align: center;\">\u00c1rea de diapositivas.<\/p>\n<\/div>\n<\/div>\n<div class=\"ipnrm-popovers-data\">\n<div class=\"ipnrm-data\" data-marker-id=\"A7160D38D7\">\n<p><img loading=\"lazy\" decoding=\"async\" class=\"alignnone  wp-image-910\" src=\"https:\/\/recorridos360.dgp.unam.mx\/wordpress\/wp-content\/uploads\/2021\/07\/DSC_8807.jpg\" alt=\"\" width=\"618\" height=\"410\" \/><\/p>\n<p class=\"MsoNormal\" style=\"line-height: normal; text-align: center;\"><span lang=\"es\" style=\"font-size: 10.0pt;\">\u00c1rea de diapositivas. <\/span><span lang=\"es\" style=\"font-size: 10.0pt; line-height: 115%; font-family: 'Arial',sans-serif; mso-fareast-font-family: Arial; mso-ansi-language: #000A; mso-fareast-language: ES-MX; mso-bidi-language: AR-SA;\"><br \/>Im\u00e1genes arquitect\u00f3nicas de la \u00e9poca prehisp\u00e1nica.<\/span><\/p>\n<\/div>\n<\/div>\n<\/div>\n<\/div>\n<\/div>\n<!-- ipanorama end -->\n\n\n\n\n<div class=\"wp-block-columns is-layout-flex wp-container-core-columns-is-layout-28f84493 wp-block-columns-is-layout-flex\">\n<div class=\"wp-block-column is-layout-flow wp-block-column-is-layout-flow\"><\/div>\n\n\n\n<div class=\"wp-block-column is-layout-flow wp-block-column-is-layout-flow\"><\/div>\n<\/div>\n\n\n\n<div class=\"wp-block-columns is-layout-flex wp-container-core-columns-is-layout-28f84493 wp-block-columns-is-layout-flex\">\n<div class=\"wp-block-column is-layout-flow wp-block-column-is-layout-flow\">\n<figure class=\"wp-block-image aligncenter size-full\"><a href=\"https:\/\/arquitectura.unam.mx\/sistema-bibliotecario-fa.html\" target=\"_blank\" rel=\"noreferrer noopener\"><img loading=\"lazy\" decoding=\"async\" width=\"100\" height=\"100\" src=\"https:\/\/recorridos360.dgp.unam.mx\/wordpress\/wp-content\/uploads\/2022\/09\/Website_Icon_100x100-01.png\" alt=\"\" class=\"wp-image-1097\"\/><\/a><\/figure>\n\n\n\n<p class=\"has-text-align-center\"><a href=\"https:\/\/arquitectura.unam.mx\/sistema-bibliotecario-fa.html\" target=\"_blank\" rel=\"noreferrer noopener\">Ir al Sitio Web<\/a><\/p>\n<\/div>\n\n\n\n<div class=\"wp-block-column is-layout-flow wp-block-column-is-layout-flow\">\n<div class=\"wp-block-columns is-layout-flex wp-container-core-columns-is-layout-28f84493 wp-block-columns-is-layout-flex\">\n<div class=\"wp-block-column is-layout-flow wp-block-column-is-layout-flow\"><\/div>\n<\/div>\n\n\n\n<center><iframe src=\"https:\/\/www.google.com\/maps\/embed?pb=!1m18!1m12!1m3!1d3764.8854100211925!2d-99.18715089999999!3d19.330778100000003!2m3!1f0!2f0!3f0!3m2!1i1024!2i768!4f13.1!3m3!1m2!1s0x85ce0000d587294b%3A0x514eedbb29fee1b6!2sBiblioteca%20Lilia%20Guzm%C3%A1n%20y%20Garc%C3%ADa!5e0!3m2!1ses-419!2smx!4v1663128578737!5m2!1ses-419!2smx\" width=\"100\" height=\"100\" style=\"border:0;\" allowfullscreen=\"\" loading=\"lazy\" referrerpolicy=\"no-referrer-when-downgrade\"><\/iframe><\/center>\n\n\n\n<p class=\"has-text-align-center\"><a href=\"https:\/\/www.google.com.mx\/maps\/place\/Biblioteca+Lilia+Guzm%C3%A1n+y+Garc%C3%ADa\/@19.3307781,-99.1871509,17z\/data=!3m1!4b1!4m5!3m4!1s0x85ce0000d587294b:0x514eedbb29fee1b6!8m2!3d19.3307781!4d-99.1871509\" target=\"_blank\" rel=\"noreferrer noopener\">Ver Ubicaci\u00f3n<\/a><\/p>\n<\/div>\n<\/div>\n","protected":false},"excerpt":{"rendered":"<p>Facultad de Arquitectura Ir al Sitio Web Ver Ubicaci\u00f3n<\/p>\n","protected":false},"author":1,"featured_media":0,"parent":0,"menu_order":0,"comment_status":"closed","ping_status":"closed","template":"","meta":{"footnotes":""},"class_list":["post-587","page","type-page","status-publish","hentry"],"_links":{"self":[{"href":"https:\/\/recorridos360.dgp.unam.mx\/index.php?rest_route=\/wp\/v2\/pages\/587","targetHints":{"allow":["GET"]}}],"collection":[{"href":"https:\/\/recorridos360.dgp.unam.mx\/index.php?rest_route=\/wp\/v2\/pages"}],"about":[{"href":"https:\/\/recorridos360.dgp.unam.mx\/index.php?rest_route=\/wp\/v2\/types\/page"}],"author":[{"embeddable":true,"href":"https:\/\/recorridos360.dgp.unam.mx\/index.php?rest_route=\/wp\/v2\/users\/1"}],"replies":[{"embeddable":true,"href":"https:\/\/recorridos360.dgp.unam.mx\/index.php?rest_route=%2Fwp%2Fv2%2Fcomments&post=587"}],"version-history":[{"count":8,"href":"https:\/\/recorridos360.dgp.unam.mx\/index.php?rest_route=\/wp\/v2\/pages\/587\/revisions"}],"predecessor-version":[{"id":1165,"href":"https:\/\/recorridos360.dgp.unam.mx\/index.php?rest_route=\/wp\/v2\/pages\/587\/revisions\/1165"}],"wp:attachment":[{"href":"https:\/\/recorridos360.dgp.unam.mx\/index.php?rest_route=%2Fwp%2Fv2%2Fmedia&parent=587"}],"curies":[{"name":"wp","href":"https:\/\/api.w.org\/{rel}","templated":true}]}}