{"id":52,"date":"2021-05-05T21:44:04","date_gmt":"2021-05-05T21:44:04","guid":{"rendered":"https:\/\/recorridos360.dgp.unam.mx\/wordpress\/?page_id=52"},"modified":"2021-08-17T16:48:08","modified_gmt":"2021-08-17T16:48:08","slug":"contacto","status":"publish","type":"page","link":"https:\/\/recorridos360.dgp.unam.mx\/?page_id=52","title":{"rendered":"Contacto"},"content":{"rendered":"\n<hr class=\"wp-block-separator is-style-wide\"\/>\n\n\n\n<p><\/p>\n\n\n\n<p><\/p>\n\n\n\n<p><\/p>\n\n\n\n<div class=\"wp-block-columns are-vertically-aligned-center is-layout-flex wp-container-core-columns-is-layout-28f84493 wp-block-columns-is-layout-flex\">\n<div class=\"wp-block-column is-vertically-aligned-center is-layout-flow wp-block-column-is-layout-flow\">\n<p style=\"font-size:20px\"><strong>Direcci\u00f3n General de Personal (DGPe)<\/strong><\/p>\n\n\n\n<p>Dr. Eduardo Trujillo S\u00e1nchez<\/p>\n\n\n\n<p><a href=\"mailto:etrujillo@dgp.unam.mx\">etrujillo@dgp.unam.mx<\/a><\/p>\n\n\n\n<p>Tel\u00e9fono 55 5622-2983<\/p>\n\n\n\n<p>Subdirector de Capacitaci\u00f3n y Desarrollo<\/p>\n<\/div>\n\n\n\n<div class=\"wp-block-column is-vertically-aligned-center is-layout-flow wp-block-column-is-layout-flow\">\n<figure class=\"wp-block-image size-large\"><img loading=\"lazy\" decoding=\"async\" width=\"533\" height=\"599\" src=\"https:\/\/recorridos360.dgp.unam.mx\/wordpress\/wp-content\/uploads\/2021\/07\/533px-Escudo-UNAM-escalable.svg_.png\" alt=\"\" class=\"wp-image-986\" srcset=\"https:\/\/recorridos360.dgp.unam.mx\/wordpress\/wp-content\/uploads\/2021\/07\/533px-Escudo-UNAM-escalable.svg_.png 533w, https:\/\/recorridos360.dgp.unam.mx\/wordpress\/wp-content\/uploads\/2021\/07\/533px-Escudo-UNAM-escalable.svg_-267x300.png 267w\" sizes=\"auto, (max-width: 533px) 100vw, 533px\" \/><\/figure>\n<\/div>\n<\/div>\n","protected":false},"excerpt":{"rendered":"<p>Direcci\u00f3n General de Personal (DGPe) Dr. Eduardo Trujillo S\u00e1nchez etrujillo@dgp.unam.mx Tel\u00e9fono 55 5622-2983 Subdirector de Capacitaci\u00f3n y Desarrollo<\/p>\n","protected":false},"author":1,"featured_media":0,"parent":0,"menu_order":0,"comment_status":"closed","ping_status":"closed","template":"","meta":{"footnotes":""},"class_list":["post-52","page","type-page","status-publish","hentry"],"_links":{"self":[{"href":"https:\/\/recorridos360.dgp.unam.mx\/index.php?rest_route=\/wp\/v2\/pages\/52","targetHints":{"allow":["GET"]}}],"collection":[{"href":"https:\/\/recorridos360.dgp.unam.mx\/index.php?rest_route=\/wp\/v2\/pages"}],"about":[{"href":"https:\/\/recorridos360.dgp.unam.mx\/index.php?rest_route=\/wp\/v2\/types\/page"}],"author":[{"embeddable":true,"href":"https:\/\/recorridos360.dgp.unam.mx\/index.php?rest_route=\/wp\/v2\/users\/1"}],"replies":[{"embeddable":true,"href":"https:\/\/recorridos360.dgp.unam.mx\/index.php?rest_route=%2Fwp%2Fv2%2Fcomments&post=52"}],"version-history":[{"count":8,"href":"https:\/\/recorridos360.dgp.unam.mx\/index.php?rest_route=\/wp\/v2\/pages\/52\/revisions"}],"predecessor-version":[{"id":1029,"href":"https:\/\/recorridos360.dgp.unam.mx\/index.php?rest_route=\/wp\/v2\/pages\/52\/revisions\/1029"}],"wp:attachment":[{"href":"https:\/\/recorridos360.dgp.unam.mx\/index.php?rest_route=%2Fwp%2Fv2%2Fmedia&parent=52"}],"curies":[{"name":"wp","href":"https:\/\/api.w.org\/{rel}","templated":true}]}}